{"id":619,"date":"2020-01-22T13:57:08","date_gmt":"2020-01-22T11:57:08","guid":{"rendered":"http:\/\/www.lspo.lt\/?page_id=619"},"modified":"2023-10-19T14:32:14","modified_gmt":"2023-10-19T11:32:14","slug":"director-prof-dr-antanas-kucinskas","status":"publish","type":"page","link":"https:\/\/www.lspo.lt\/en\/sample-page\/about-us\/director-prof-dr-antanas-kucinskas\/","title":{"rendered":"Director general <br> Snieguol\u0117 Andru\u0161kaite Mikali\u016bnien\u0117"},"content":{"rendered":"<p style=\"text-align: center;\"><span style=\"font-family: georgia, palatino; color: #000000;\">Information will be updated shortly<\/span><\/p>\n","protected":false},"excerpt":{"rendered":"<p>Information will be updated shortly<\/p>\n","protected":false},"author":7,"featured_media":5501,"parent":264,"menu_order":1,"comment_status":"closed","ping_status":"closed","template":"","meta":{"_acf_changed":false,"_uf_show_specific_survey":0,"_uf_disable_surveys":false,"footnotes":""},"class_list":{"0":"post-619","1":"page","2":"type-page","3":"status-publish","4":"has-post-thumbnail","6":"entry"},"acf":[],"jetpack_sharing_enabled":true,"_links":{"self":[{"href":"https:\/\/www.lspo.lt\/en\/wp-json\/wp\/v2\/pages\/619","targetHints":{"allow":["GET"]}}],"collection":[{"href":"https:\/\/www.lspo.lt\/en\/wp-json\/wp\/v2\/pages"}],"about":[{"href":"https:\/\/www.lspo.lt\/en\/wp-json\/wp\/v2\/types\/page"}],"author":[{"embeddable":true,"href":"https:\/\/www.lspo.lt\/en\/wp-json\/wp\/v2\/users\/7"}],"replies":[{"embeddable":true,"href":"https:\/\/www.lspo.lt\/en\/wp-json\/wp\/v2\/comments?post=619"}],"version-history":[{"count":0,"href":"https:\/\/www.lspo.lt\/en\/wp-json\/wp\/v2\/pages\/619\/revisions"}],"up":[{"embeddable":true,"href":"https:\/\/www.lspo.lt\/en\/wp-json\/wp\/v2\/pages\/264"}],"wp:featuredmedia":[{"embeddable":true,"href":"https:\/\/www.lspo.lt\/en\/wp-json\/wp\/v2\/media\/5501"}],"wp:attachment":[{"href":"https:\/\/www.lspo.lt\/en\/wp-json\/wp\/v2\/media?parent=619"}],"curies":[{"name":"wp","href":"https:\/\/api.w.org\/{rel}","templated":true}]}}